{"id":6121,"date":"2025-02-12T22:16:13","date_gmt":"2025-02-12T22:16:13","guid":{"rendered":"https:\/\/tcws.mx\/2020b\/clientes\/synelmex\/1\/?page_id=6121"},"modified":"2025-03-27T17:01:14","modified_gmt":"2025-03-27T17:01:14","slug":"premios-y-certificaciones","status":"publish","type":"page","link":"https:\/\/tcws.mx\/2020b\/clientes\/synelmex\/1\/premios-y-certificaciones\/","title":{"rendered":"Premios y Certificaciones"},"content":{"rendered":"\t\t<div data-elementor-type=\"wp-page\" data-elementor-id=\"6121\" class=\"elementor elementor-6121\">\n\t\t\t\t        <section class=\"elementor-section elementor-top-section elementor-element elementor-element-10255cb elementor-section-stretched elementor-section-boxed elementor-section-height-default elementor-section-height-default pxl-type-header-none pxl-row-scroll-none pxl-bg-color-none pxl-section-overlay-none\" data-id=\"10255cb\" data-element_type=\"section\" data-settings=\"{&quot;stretch_section&quot;:&quot;section-stretched&quot;,&quot;background_background&quot;:&quot;classic&quot;}\">\n\n                \n                <div class=\"elementor-container elementor-column-gap-extended \">\n                <div class=\"elementor-column elementor-col-100 elementor-top-column elementor-element elementor-element-d9b5624 pxl-col-none pxl-column-none\" data-id=\"d9b5624\" data-element_type=\"column\">\r\n        <div class=\"elementor-widget-wrap elementor-element-populated\">\r\n                     \r\n        \t\t<div class=\"elementor-element elementor-element-828e489 elementor-hidden-tablet elementor-hidden-mobile elementor-widget elementor-widget-particle\" data-id=\"828e489\" data-element_type=\"widget\" data-widget_type=\"particle.default\">\n\t\t\t\t<div class=\"elementor-widget-container\">\n\t\t\t\t\t\t<div class=\"pxl-particle pxl-particle1 img-below-content\">\r\n\t\t\t\t    <div id=\"particle-828e489-68230\" class=\"pxl-item--particle elementor-repeater-item-8c6d8d7  top-left slide-left-to-right\"  data-wow-delay=\"ms\" >\r\n\t\t    \t<img fetchpriority=\"high\" decoding=\"async\" width=\"980\" height=\"357\" src=\"https:\/\/tcws.mx\/2020b\/clientes\/synelmex\/1\/wp-content\/uploads\/2025\/03\/shape-section1.png\" class=\"attachment-full\" alt=\"\" \/>\t\t\r\n\t\t    <\/div>\r\n\t\t\t\t    <div id=\"particle-828e489-68231\" class=\"pxl-item--particle elementor-repeater-item-715bc70  top-left slide-right-to-left\"  data-wow-delay=\"ms\" >\r\n\t\t    \t<img decoding=\"async\" width=\"980\" height=\"357\" src=\"https:\/\/tcws.mx\/2020b\/clientes\/synelmex\/1\/wp-content\/uploads\/2025\/03\/shape-section2.png\" class=\"attachment-full\" alt=\"\" \/>\t\t\r\n\t\t    <\/div>\r\n\t\t\t<\/div>\r\n\t\t\t\t<\/div>\n\t\t\t\t<\/div>\n\t\t        <section class=\"elementor-section elementor-inner-section elementor-element elementor-element-2aa038e elementor-section-boxed elementor-section-height-default elementor-section-height-default pxl-type-header-none pxl-row-scroll-none pxl-bg-color-none pxl-section-overlay-none\" data-id=\"2aa038e\" data-element_type=\"section\">\n\n                \n                <div class=\"elementor-container elementor-column-gap-extended \">\n                <div class=\"elementor-column elementor-col-50 elementor-inner-column elementor-element elementor-element-8d86144 pxl-col-none pxl-column-none\" data-id=\"8d86144\" data-element_type=\"column\" data-settings=\"{&quot;background_background&quot;:&quot;classic&quot;}\">\r\n        <div class=\"elementor-widget-wrap elementor-element-populated\">\r\n                     \r\n        \t\t<div class=\"elementor-element elementor-element-bc6b743 elementor-widget elementor-widget-heading\" data-id=\"bc6b743\" data-element_type=\"widget\" data-widget_type=\"heading.default\">\n\t\t\t\t<div class=\"elementor-widget-container\">\n\t\t\t\t\t<div id=\"pxl-heading-bc6b743-5991\" class=\"pxl-heading typewriter-color\">\n\t<div class=\"pxl-heading--inner\">\n\t\t\n\t\t\t\t\t<h3 class=\"pxl-item--title  highlight-default \" data-wow-delay=\"ms\">\n\t\t\t\t\t\t\t\t\t\t<span class=\"pxl-item--text\">\n\t\t\t\t            <span class=\"pxl-text--slide\"><span class=\"wow letter\">2016<\/span><\/span>\t\t\t\t        <\/span>\n\t\t\t\t\t\t\t\n\t\t\t<\/h3>\n\t\t\n\t\t\t<\/div>\n<\/div>\t\t\t\t<\/div>\n\t\t\t\t<\/div>\n\t\t\t\t<div class=\"elementor-element elementor-element-2b8c843 elementor-widget elementor-widget-text_editor\" data-id=\"2b8c843\" data-element_type=\"widget\" data-widget_type=\"text_editor.default\">\n\t\t\t\t<div class=\"elementor-widget-container\">\n\t\t\t\t\t<div class=\"pxl-text-editor\">\n\t<div class=\"pxl-item--inner wow fadeInUp \" data-wow-delay=\"ms\">\n\t\t<p>2\u00b0 Lugar en el Desaf\u00edo Latinoamericano de Innovadores por el Instituto de Emprendimiento del Tec de Monterrey<\/p>\t\t\n\t<\/div>\n<\/div>\t\t\t\t<\/div>\n\t\t\t\t<\/div>\n\t\t\t\t<div class=\"elementor-element elementor-element-9af8e21 elementor-widget elementor-widget-image\" data-id=\"9af8e21\" data-element_type=\"widget\" data-widget_type=\"image.default\">\n\t\t\t\t<div class=\"elementor-widget-container\">\n\t\t\t\t\t\t\t\t\t\t\t\t\t\t\t<img decoding=\"async\" width=\"450\" height=\"450\" src=\"https:\/\/tcws.mx\/2020b\/clientes\/synelmex\/1\/wp-content\/uploads\/2025\/03\/premio1.jpg\" class=\"attachment-large size-large wp-image-6500\" alt=\"\" srcset=\"https:\/\/tcws.mx\/2020b\/clientes\/synelmex\/1\/wp-content\/uploads\/2025\/03\/premio1.jpg 450w, https:\/\/tcws.mx\/2020b\/clientes\/synelmex\/1\/wp-content\/uploads\/2025\/03\/premio1-300x300.jpg 300w, https:\/\/tcws.mx\/2020b\/clientes\/synelmex\/1\/wp-content\/uploads\/2025\/03\/premio1-150x150.jpg 150w\" sizes=\"(max-width: 450px) 100vw, 450px\" \/>\t\t\t\t\t\t\t\t\t\t\t\t\t\t\t<\/div>\n\t\t\t\t<\/div>\n\t\t            <\/div>\r\n        <\/div>\r\n                <div class=\"elementor-column elementor-col-50 elementor-inner-column elementor-element elementor-element-3a87eb1 pxl-col-none pxl-column-none\" data-id=\"3a87eb1\" data-element_type=\"column\" data-settings=\"{&quot;background_background&quot;:&quot;classic&quot;}\">\r\n        <div class=\"elementor-widget-wrap elementor-element-populated\">\r\n                     \r\n        \t\t<div class=\"elementor-element elementor-element-3795a72 elementor-widget elementor-widget-heading\" data-id=\"3795a72\" data-element_type=\"widget\" data-widget_type=\"heading.default\">\n\t\t\t\t<div class=\"elementor-widget-container\">\n\t\t\t\t\t<div id=\"pxl-heading-3795a72-3465\" class=\"pxl-heading typewriter-color\">\n\t<div class=\"pxl-heading--inner\">\n\t\t\n\t\t\t\t\t<h3 class=\"pxl-item--title  highlight-default \" data-wow-delay=\"ms\">\n\t\t\t\t\t\t\t\t\t\t<span class=\"pxl-item--text\">\n\t\t\t\t            <span class=\"pxl-text--slide\"><span class=\"wow letter\">2017<\/span><\/span>\t\t\t\t        <\/span>\n\t\t\t\t\t\t\t\n\t\t\t<\/h3>\n\t\t\n\t\t\t<\/div>\n<\/div>\t\t\t\t<\/div>\n\t\t\t\t<\/div>\n\t\t\t\t<div class=\"elementor-element elementor-element-64873ad elementor-widget elementor-widget-text_editor\" data-id=\"64873ad\" data-element_type=\"widget\" data-widget_type=\"text_editor.default\">\n\t\t\t\t<div class=\"elementor-widget-container\">\n\t\t\t\t\t<div class=\"pxl-text-editor\">\n\t<div class=\"pxl-item--inner wow fadeInUp \" data-wow-delay=\"ms\">\n\t\t<p>Premio Estatal de Ahorro de Energ\u00eda otorgado por el Fideicomiso de Ahorro para la Energ\u00eda El\u00e9ctrica<\/p>\t\t\n\t<\/div>\n<\/div>\t\t\t\t<\/div>\n\t\t\t\t<\/div>\n\t\t\t\t<div class=\"elementor-element elementor-element-6692466 elementor-widget elementor-widget-image\" data-id=\"6692466\" data-element_type=\"widget\" data-widget_type=\"image.default\">\n\t\t\t\t<div class=\"elementor-widget-container\">\n\t\t\t\t\t\t\t\t\t\t\t\t\t\t\t<img loading=\"lazy\" decoding=\"async\" width=\"450\" height=\"450\" src=\"https:\/\/tcws.mx\/2020b\/clientes\/synelmex\/1\/wp-content\/uploads\/2025\/03\/premio2.jpg\" class=\"attachment-large size-large wp-image-6501\" alt=\"\" srcset=\"https:\/\/tcws.mx\/2020b\/clientes\/synelmex\/1\/wp-content\/uploads\/2025\/03\/premio2.jpg 450w, https:\/\/tcws.mx\/2020b\/clientes\/synelmex\/1\/wp-content\/uploads\/2025\/03\/premio2-300x300.jpg 300w, https:\/\/tcws.mx\/2020b\/clientes\/synelmex\/1\/wp-content\/uploads\/2025\/03\/premio2-150x150.jpg 150w\" sizes=\"(max-width: 450px) 100vw, 450px\" \/>\t\t\t\t\t\t\t\t\t\t\t\t\t\t\t<\/div>\n\t\t\t\t<\/div>\n\t\t            <\/div>\r\n        <\/div>\r\n        \t\t\t<\/div>\n\t\t<\/section>\n\t\t            <\/div>\r\n        <\/div>\r\n        \t\t\t<\/div>\n\t\t<\/section>\n\t\t\t\t<\/div>\n\t\t","protected":false},"excerpt":{"rendered":"<p>2016 2\u00b0 Lugar en el Desaf\u00edo Latinoamericano de Innovadores por el Instituto de Emprendimiento del Tec de Monterrey 2017 Premio Estatal de Ahorro de Energ\u00eda otorgado por el Fideicomiso de Ahorro para la Energ\u00eda El\u00e9ctrica<\/p>\n","protected":false},"author":1,"featured_media":0,"parent":0,"menu_order":0,"comment_status":"closed","ping_status":"closed","template":"","meta":{"footnotes":""},"class_list":["post-6121","page","type-page","status-publish","hentry"],"_links":{"self":[{"href":"https:\/\/tcws.mx\/2020b\/clientes\/synelmex\/1\/wp-json\/wp\/v2\/pages\/6121","targetHints":{"allow":["GET"]}}],"collection":[{"href":"https:\/\/tcws.mx\/2020b\/clientes\/synelmex\/1\/wp-json\/wp\/v2\/pages"}],"about":[{"href":"https:\/\/tcws.mx\/2020b\/clientes\/synelmex\/1\/wp-json\/wp\/v2\/types\/page"}],"author":[{"embeddable":true,"href":"https:\/\/tcws.mx\/2020b\/clientes\/synelmex\/1\/wp-json\/wp\/v2\/users\/1"}],"replies":[{"embeddable":true,"href":"https:\/\/tcws.mx\/2020b\/clientes\/synelmex\/1\/wp-json\/wp\/v2\/comments?post=6121"}],"version-history":[{"count":19,"href":"https:\/\/tcws.mx\/2020b\/clientes\/synelmex\/1\/wp-json\/wp\/v2\/pages\/6121\/revisions"}],"predecessor-version":[{"id":6504,"href":"https:\/\/tcws.mx\/2020b\/clientes\/synelmex\/1\/wp-json\/wp\/v2\/pages\/6121\/revisions\/6504"}],"wp:attachment":[{"href":"https:\/\/tcws.mx\/2020b\/clientes\/synelmex\/1\/wp-json\/wp\/v2\/media?parent=6121"}],"curies":[{"name":"wp","href":"https:\/\/api.w.org\/{rel}","templated":true}]}}