{"id":6128,"date":"2025-02-12T22:18:26","date_gmt":"2025-02-12T22:18:26","guid":{"rendered":"https:\/\/tcws.mx\/2020b\/clientes\/synelmex\/1\/?page_id=6128"},"modified":"2025-07-24T16:35:38","modified_gmt":"2025-07-24T16:35:38","slug":"panel-flexible-ultraligero-520-w","status":"publish","type":"page","link":"https:\/\/tcws.mx\/2020b\/clientes\/synelmex\/1\/panel-flexible-ultraligero-520-w\/","title":{"rendered":"Panel Flexible Ultraligero 520 W"},"content":{"rendered":"\t\t<div data-elementor-type=\"wp-page\" data-elementor-id=\"6128\" class=\"elementor elementor-6128\">\n\t\t\t\t        <section class=\"elementor-section elementor-top-section elementor-element elementor-element-47af252 elementor-section-stretched elementor-section-boxed elementor-section-height-default elementor-section-height-default pxl-type-header-none pxl-row-scroll-none pxl-bg-color-none pxl-section-overlay-none\" data-id=\"47af252\" data-element_type=\"section\" data-settings=\"{&quot;stretch_section&quot;:&quot;section-stretched&quot;}\">\n\n                \n                <div class=\"elementor-container elementor-column-gap-extended \">\n                <div class=\"elementor-column elementor-col-50 elementor-top-column elementor-element elementor-element-3a7c5e5 pxl-col-none pxl-column-none\" data-id=\"3a7c5e5\" data-element_type=\"column\">\r\n        <div class=\"elementor-widget-wrap elementor-element-populated\">\r\n                     \r\n        \t\t<div class=\"elementor-element elementor-element-49d03e6 elementor-widget elementor-widget-heading\" data-id=\"49d03e6\" data-element_type=\"widget\" data-widget_type=\"heading.default\">\n\t\t\t\t<div class=\"elementor-widget-container\">\n\t\t\t\t\t<div id=\"pxl-heading-49d03e6-4648\" class=\"pxl-heading typewriter-color\">\n\t<div class=\"pxl-heading--inner\">\n\t\t\n\t\t\t\t\t<h3 class=\"pxl-item--title  highlight-default \" data-wow-delay=\"ms\">\n\t\t\t\tDistribuidor \u00fanico para Am\u00e9rica Latina y Estados Unidos \t\t\n\t\t\t<\/h3>\n\t\t\n\t\t\t<\/div>\n<\/div>\t\t\t\t<\/div>\n\t\t\t\t<\/div>\n\t\t\t\t<div class=\"elementor-element elementor-element-911ab3c elementor-widget elementor-widget-image\" data-id=\"911ab3c\" data-element_type=\"widget\" data-widget_type=\"image.default\">\n\t\t\t\t<div class=\"elementor-widget-container\">\n\t\t\t\t\t\t\t\t\t\t\t\t\t\t\t<img decoding=\"async\" src=\"https:\/\/tcws.mx\/2020b\/clientes\/synelmex\/1\/wp-content\/uploads\/elementor\/thumbs\/paises-r97hhukrfbfc1cehsmg7rohyt5va7khzag9skmzlz4.png\" title=\"paises\" alt=\"paises\" loading=\"lazy\" \/>\t\t\t\t\t\t\t\t\t\t\t\t\t\t\t<\/div>\n\t\t\t\t<\/div>\n\t\t\t\t<div class=\"elementor-element elementor-element-7a121d4 elementor-widget elementor-widget-heading\" data-id=\"7a121d4\" data-element_type=\"widget\" data-widget_type=\"heading.default\">\n\t\t\t\t<div class=\"elementor-widget-container\">\n\t\t\t\t\t<div id=\"pxl-heading-7a121d4-6101\" class=\"pxl-heading typewriter-color\">\n\t<div class=\"pxl-heading--inner\">\n\t\t\n\t\t\t\t\t<h3 class=\"pxl-item--title  highlight-default \" data-wow-delay=\"20ms\">\n\t\t\t\t\t\t\t\t\t\t<span class=\"pxl-item--text\">\n\t\t\t\t            <span class=\"pxl-text--slide\"><span class=\"wow letter\">Sticker<\/span><\/span> <span class=\"pxl-text--slide\"><span class=\"wow letter\">Solar<\/span><\/span> <span class=\"pxl-text--slide\"><span class=\"wow letter\">Ultraligero<\/span><\/span> <span class=\"pxl-text--slide\"><span class=\"wow letter\">520W\n<\/span><\/span>\t\t\t\t        <\/span>\n\t\t\t\t\t\t\t\n\t\t\t<\/h3>\n\t\t\n\t\t\t<\/div>\n<\/div>\t\t\t\t<\/div>\n\t\t\t\t<\/div>\n\t\t\t\t<div class=\"elementor-element elementor-element-ba2d48a elementor-widget elementor-widget-list\" data-id=\"ba2d48a\" data-element_type=\"widget\" data-widget_type=\"list.default\">\n\t\t\t\t<div class=\"elementor-widget-container\">\n\t\t\t\t\t    <div class=\"pxl-list pxl-list1 style1  \" data-wow-delay=\"ms\">\r\n        <div class=\"pxl-scroll-effect--content\">\r\n                            <div class=\"pxl--item\">\r\n                                            <div class=\"pxl-item--number pxl-mr-25\"><span>01<\/span><\/div>\r\n                                                            <div class=\"pxl-item--meta\">\r\n                        <h4 class=\"pxl-item--title el-empty\">Mucho m\u00e1s delgada<\/h4>\r\n                                                    <div class=\"pxl-item--description\">\r\n                                1.8 mm                            <\/div>\r\n                                            <\/div>\r\n                <\/div>\r\n                            <div class=\"pxl--item\">\r\n                                            <div class=\"pxl-item--number pxl-mr-25\"><span>02<\/span><\/div>\r\n                                                            <div class=\"pxl-item--meta\">\r\n                        <h4 class=\"pxl-item--title el-empty\">Mucho m\u00e1s ligero<\/h4>\r\n                                                    <div class=\"pxl-item--description\">\r\n                                Peso 3,5 kg\/m<sup>2<\/sup> unicamente el 30% de los paneles tradicionales                            <\/div>\r\n                                            <\/div>\r\n                <\/div>\r\n                            <div class=\"pxl--item\">\r\n                                            <div class=\"pxl-item--number pxl-mr-25\"><span>03<\/span><\/div>\r\n                                                            <div class=\"pxl-item--meta\">\r\n                        <h4 class=\"pxl-item--title el-empty\">M\u00e1s flexible<\/h4>\r\n                                                    <div class=\"pxl-item--description\">\r\n                                Se puede curvar hasta 280 grados                            <\/div>\r\n                                            <\/div>\r\n                <\/div>\r\n                            <div class=\"pxl--item\">\r\n                                            <div class=\"pxl-item--number pxl-mr-25\"><span>04<\/span><\/div>\r\n                                                            <div class=\"pxl-item--meta\">\r\n                        <h4 class=\"pxl-item--title el-empty\">M\u00e1s poder<\/h4>\r\n                                                    <div class=\"pxl-item--description\">\r\n                                520w                            <\/div>\r\n                                            <\/div>\r\n                <\/div>\r\n                    <\/div>\r\n    <\/div>\r\n\t\t\t\t<\/div>\n\t\t\t\t<\/div>\n\t\t\t\t<div class=\"elementor-element elementor-element-f4cb866 elementor-widget elementor-widget-text_editor\" data-id=\"f4cb866\" data-element_type=\"widget\" data-widget_type=\"text_editor.default\">\n\t\t\t\t<div class=\"elementor-widget-container\">\n\t\t\t\t\t<div class=\"pxl-text-editor\">\n\t<div class=\"pxl-item--inner wow fadeInUp \" data-wow-delay=\"ms\">\n\t\t<div class=\"page\" title=\"Page 3\"><div class=\"section\"><div class=\"layoutArea\"><div class=\"column\"><p>Manufacturados por Jlangsu Pure Solar New Energy Co, Ltd.<\/p><\/div><\/div><\/div><\/div>\t\t\n\t<\/div>\n<\/div>\t\t\t\t<\/div>\n\t\t\t\t<\/div>\n\t\t            <\/div>\r\n        <\/div>\r\n                <div class=\"elementor-column elementor-col-50 elementor-top-column elementor-element elementor-element-55b8183 pxl-col-none pxl-column-none\" data-id=\"55b8183\" data-element_type=\"column\">\r\n        <div class=\"elementor-widget-wrap elementor-element-populated\">\r\n                     \r\n        \t\t<div class=\"elementor-element elementor-element-2664730 elementor-widget elementor-widget-image\" data-id=\"2664730\" data-element_type=\"widget\" data-widget_type=\"image.default\">\n\t\t\t\t<div class=\"elementor-widget-container\">\n\t\t\t\t\t\t\t\t\t\t\t\t\t\t\t<img decoding=\"async\" src=\"https:\/\/tcws.mx\/2020b\/clientes\/synelmex\/1\/wp-content\/uploads\/elementor\/thumbs\/panel-r3hh2gpgoaffmqldsetn04i1gxfvb3w1r8plmydzpc.png\" title=\"panel.png\" alt=\"panel.png\" loading=\"lazy\" \/>\t\t\t\t\t\t\t\t\t\t\t\t\t\t\t<\/div>\n\t\t\t\t<\/div>\n\t\t\t\t<div class=\"elementor-element elementor-element-efa7273 elementor-align-center elementor-widget elementor-widget-app_button\" data-id=\"efa7273\" data-element_type=\"widget\" data-widget_type=\"app_button.default\">\n\t\t\t\t<div class=\"elementor-widget-container\">\n\t\t\t\t\t    <div class=\"pxl-app-button\">\r\n        <a class=\"  \" href=\"https:\/\/synelmex.com\/contacto\/\" data-wow-delay=\"ms\">\r\n                        <span class=\"pxl--btn-text\">\r\n                <span class=\"pxl--btn-subtitle\">\r\n                                    <\/span>\r\n                <span class=\"pxl--btn-title\">\r\n                    Cotiza tu proyecto                <\/span>\r\n            <\/span>\r\n        <\/a>\r\n    <\/div>\r\n\t\t\t\t<\/div>\n\t\t\t\t<\/div>\n\t\t            <\/div>\r\n        <\/div>\r\n        \t\t\t<\/div>\n\t\t<\/section>\n\t\t        <section class=\"elementor-section elementor-top-section elementor-element elementor-element-653053b elementor-section-stretched elementor-section-boxed elementor-section-height-default elementor-section-height-default pxl-type-header-none pxl-row-scroll-none pxl-bg-color-none pxl-section-overlay-none\" data-id=\"653053b\" data-element_type=\"section\" data-settings=\"{&quot;stretch_section&quot;:&quot;section-stretched&quot;}\">\n\n                \n                <div class=\"elementor-container elementor-column-gap-extended \">\n                <div class=\"elementor-column elementor-col-100 elementor-top-column elementor-element elementor-element-c8a07ff pxl-col-none pxl-column-none\" data-id=\"c8a07ff\" data-element_type=\"column\">\r\n        <div class=\"elementor-widget-wrap elementor-element-populated\">\r\n                     \r\n        \t\t<div class=\"elementor-element elementor-element-4dcfc5c elementor-widget elementor-widget-heading\" data-id=\"4dcfc5c\" data-element_type=\"widget\" data-widget_type=\"heading.default\">\n\t\t\t\t<div class=\"elementor-widget-container\">\n\t\t\t\t\t<div id=\"pxl-heading-4dcfc5c-3556\" class=\"pxl-heading typewriter-color\">\n\t<div class=\"pxl-heading--inner\">\n\t\t\n\t\t\t\t\t<h3 class=\"pxl-item--title  highlight-default \" data-wow-delay=\"ms\">\n\t\t\t\tBeneficios\t\t\n\t\t\t<\/h3>\n\t\t\n\t\t\t<\/div>\n<\/div>\t\t\t\t<\/div>\n\t\t\t\t<\/div>\n\t\t\t\t<div class=\"elementor-element elementor-element-30db096 elementor-widget elementor-widget-text-editor\" data-id=\"30db096\" data-element_type=\"widget\" data-widget_type=\"text-editor.default\">\n\t\t\t\t<div class=\"elementor-widget-container\">\n\t\t\t\t\t\t\t\t\t<p>\u2022 Reduce considerablemente el costo de transporte<\/p><p>\u2022 F\u00e1cil de instalar<\/p><div class=\"page\" title=\"Page 3\"><div class=\"section\"><div class=\"layoutArea\"><div class=\"column\"><p>\u2022 Alta confiabilidad con certificados TUV y SUD<\/p><div class=\"page\" title=\"Page 3\"><div class=\"section\"><div class=\"layoutArea\"><div class=\"column\"><p>\u2022 Amplia gama de aplicaciones<\/p><\/div><\/div><\/div><\/div><\/div><\/div><\/div><\/div>\t\t\t\t\t\t\t\t<\/div>\n\t\t\t\t<\/div>\n\t\t            <\/div>\r\n        <\/div>\r\n        \t\t\t<\/div>\n\t\t<\/section>\n\t\t\t\t<\/div>\n\t\t","protected":false},"excerpt":{"rendered":"<p>Distribuidor \u00fanico para Am\u00e9rica Latina y Estados Unidos Sticker Solar Ultraligero 520W 01 Mucho m\u00e1s delgada 1.8 mm 02 Mucho m\u00e1s ligero Peso 3,5 kg\/m2 unicamente el 30% de los paneles tradicionales 03 M\u00e1s flexible Se puede curvar hasta 280 grados 04 M\u00e1s poder 520w Manufacturados por Jlangsu Pure Solar New Energy Co, Ltd. Cotiza [&hellip;]<\/p>\n","protected":false},"author":1,"featured_media":0,"parent":0,"menu_order":0,"comment_status":"closed","ping_status":"closed","template":"","meta":{"footnotes":""},"class_list":["post-6128","page","type-page","status-publish","hentry"],"_links":{"self":[{"href":"https:\/\/tcws.mx\/2020b\/clientes\/synelmex\/1\/wp-json\/wp\/v2\/pages\/6128","targetHints":{"allow":["GET"]}}],"collection":[{"href":"https:\/\/tcws.mx\/2020b\/clientes\/synelmex\/1\/wp-json\/wp\/v2\/pages"}],"about":[{"href":"https:\/\/tcws.mx\/2020b\/clientes\/synelmex\/1\/wp-json\/wp\/v2\/types\/page"}],"author":[{"embeddable":true,"href":"https:\/\/tcws.mx\/2020b\/clientes\/synelmex\/1\/wp-json\/wp\/v2\/users\/1"}],"replies":[{"embeddable":true,"href":"https:\/\/tcws.mx\/2020b\/clientes\/synelmex\/1\/wp-json\/wp\/v2\/comments?post=6128"}],"version-history":[{"count":19,"href":"https:\/\/tcws.mx\/2020b\/clientes\/synelmex\/1\/wp-json\/wp\/v2\/pages\/6128\/revisions"}],"predecessor-version":[{"id":6617,"href":"https:\/\/tcws.mx\/2020b\/clientes\/synelmex\/1\/wp-json\/wp\/v2\/pages\/6128\/revisions\/6617"}],"wp:attachment":[{"href":"https:\/\/tcws.mx\/2020b\/clientes\/synelmex\/1\/wp-json\/wp\/v2\/media?parent=6128"}],"curies":[{"name":"wp","href":"https:\/\/api.w.org\/{rel}","templated":true}]}}