{"id":6152,"date":"2025-02-12T22:23:18","date_gmt":"2025-02-12T22:23:18","guid":{"rendered":"https:\/\/tcws.mx\/2020b\/clientes\/synelmex\/1\/?page_id=6152"},"modified":"2025-02-27T22:36:40","modified_gmt":"2025-02-27T22:36:40","slug":"proyectos-ejecutivos","status":"publish","type":"page","link":"https:\/\/tcws.mx\/2020b\/clientes\/synelmex\/1\/proyectos-ejecutivos\/","title":{"rendered":"Infraestructura Energ\u00e9tica"},"content":{"rendered":"\t\t<div data-elementor-type=\"wp-page\" data-elementor-id=\"6152\" class=\"elementor elementor-6152\">\n\t\t\t\t        <section class=\"elementor-section elementor-top-section elementor-element elementor-element-5998bd9 elementor-section-stretched elementor-section-boxed elementor-section-height-default elementor-section-height-default pxl-type-header-none pxl-row-scroll-none pxl-bg-color-none pxl-section-overlay-none\" data-id=\"5998bd9\" data-element_type=\"section\" data-settings=\"{&quot;stretch_section&quot;:&quot;section-stretched&quot;}\">\n\n                \n                <div class=\"elementor-container elementor-column-gap-extended \">\n                <div class=\"elementor-column elementor-col-50 elementor-top-column elementor-element elementor-element-f434439 pxl-col-none pxl-column-none\" data-id=\"f434439\" data-element_type=\"column\">\r\n        <div class=\"elementor-widget-wrap elementor-element-populated\">\r\n                     \r\n        \t\t<div class=\"elementor-element elementor-element-4a86d9c elementor-widget elementor-widget-heading\" data-id=\"4a86d9c\" data-element_type=\"widget\" data-widget_type=\"heading.default\">\n\t\t\t\t<div class=\"elementor-widget-container\">\n\t\t\t\t\t<div id=\"pxl-heading-4a86d9c-1881\" class=\"pxl-heading typewriter-color\">\n\t<div class=\"pxl-heading--inner\">\n\t\t\n\t\t\t\t\t<h3 class=\"pxl-item--title  highlight-default \" data-wow-delay=\"20ms\">\n\t\t\t\t\t\t\t\t\t\t<span class=\"pxl-item--text\">\n\t\t\t\t            <span class=\"pxl-text--slide\"><span class=\"wow letter\">Infraestructura<\/span><\/span> <span class=\"pxl-text--slide\"><span class=\"wow letter\">Energ\u00e9tica<\/span><\/span>\t\t\t\t        <\/span>\n\t\t\t\t\t\t\t\n\t\t\t<\/h3>\n\t\t\n\t\t\t<\/div>\n<\/div>\t\t\t\t<\/div>\n\t\t\t\t<\/div>\n\t\t\t\t<div class=\"elementor-element elementor-element-46120d6 elementor-widget elementor-widget-link\" data-id=\"46120d6\" data-element_type=\"widget\" data-widget_type=\"link.default\">\n\t\t\t\t<div class=\"elementor-widget-container\">\n\t\t\t\t\t    <ul id=\"pxl-link-link-46120d6-1436\" class=\"pxl-link pxl-link-l1 wow fadeInUp hv-style7 \" data-wow-delay=\"ms\">\r\n                        <li>\r\n                    <a >\r\n                        <i aria-hidden=\"true\" class=\"   flaticon flaticon-check\"><\/i>                        <span class=\"text-color\">Dise\u00f1amos y ejecutamos proyectos de ingenier\u00eda el\u00e9ctrica en baja, media y alta tensi\u00f3n.<\/span>\r\n                    <\/a>\r\n                <\/li>\r\n                        <li>\r\n                    <a >\r\n                        <i aria-hidden=\"true\" class=\"   flaticon flaticon-check\"><\/i>                        <span class=\"text-color\">Cumplimiento de est\u00e1ndares nacionales e internacionales.<\/span>\r\n                    <\/a>\r\n                <\/li>\r\n                        <li>\r\n                    <a >\r\n                        <i aria-hidden=\"true\" class=\"   flaticon flaticon-check\"><\/i>                        <span class=\"text-color\">Soluciones personalizadas a tu operaci\u00f3n.<\/span>\r\n                    <\/a>\r\n                <\/li>\r\n            <\/ul>\r\n\t\t\t\t<\/div>\n\t\t\t\t<\/div>\n\t\t\t\t<div class=\"elementor-element elementor-element-815ff23 elementor-align-center elementor-widget elementor-widget-app_button\" data-id=\"815ff23\" data-element_type=\"widget\" data-widget_type=\"app_button.default\">\n\t\t\t\t<div class=\"elementor-widget-container\">\n\t\t\t\t\t    <div class=\"pxl-app-button\">\r\n        <a class=\"  \" href=\"https:\/\/tcws.mx\/2020b\/clientes\/synelmex\/1\/contacto\/\" data-wow-delay=\"ms\">\r\n                        <span class=\"pxl--btn-text\">\r\n                <span class=\"pxl--btn-subtitle\">\r\n                                    <\/span>\r\n                <span class=\"pxl--btn-title\">\r\n                    Cotiza tu proyecto                <\/span>\r\n            <\/span>\r\n        <\/a>\r\n    <\/div>\r\n\t\t\t\t<\/div>\n\t\t\t\t<\/div>\n\t\t            <\/div>\r\n        <\/div>\r\n                <div class=\"elementor-column elementor-col-50 elementor-top-column elementor-element elementor-element-61ebb34 pxl-col-none pxl-column-none\" data-id=\"61ebb34\" data-element_type=\"column\">\r\n        <div class=\"elementor-widget-wrap elementor-element-populated\">\r\n                     \r\n        \t\t<div class=\"elementor-element elementor-element-ae82154 elementor-widget elementor-widget-image\" data-id=\"ae82154\" data-element_type=\"widget\" data-widget_type=\"image.default\">\n\t\t\t\t<div class=\"elementor-widget-container\">\n\t\t\t\t\t\t\t\t\t\t\t\t\t\t\t<img fetchpriority=\"high\" decoding=\"async\" width=\"740\" height=\"740\" src=\"https:\/\/tcws.mx\/2020b\/clientes\/synelmex\/1\/wp-content\/uploads\/2025\/02\/linea-transmision-electrica-al-atardecer_1182-1358.jpg\" class=\"attachment-large size-large wp-image-6408\" alt=\"\" srcset=\"https:\/\/tcws.mx\/2020b\/clientes\/synelmex\/1\/wp-content\/uploads\/2025\/02\/linea-transmision-electrica-al-atardecer_1182-1358.jpg 740w, https:\/\/tcws.mx\/2020b\/clientes\/synelmex\/1\/wp-content\/uploads\/2025\/02\/linea-transmision-electrica-al-atardecer_1182-1358-300x300.jpg 300w, https:\/\/tcws.mx\/2020b\/clientes\/synelmex\/1\/wp-content\/uploads\/2025\/02\/linea-transmision-electrica-al-atardecer_1182-1358-600x600.jpg 600w, https:\/\/tcws.mx\/2020b\/clientes\/synelmex\/1\/wp-content\/uploads\/2025\/02\/linea-transmision-electrica-al-atardecer_1182-1358-150x150.jpg 150w, https:\/\/tcws.mx\/2020b\/clientes\/synelmex\/1\/wp-content\/uploads\/2025\/02\/linea-transmision-electrica-al-atardecer_1182-1358-710x710.jpg 710w\" sizes=\"(max-width: 740px) 100vw, 740px\" \/>\t\t\t\t\t\t\t\t\t\t\t\t\t\t\t<\/div>\n\t\t\t\t<\/div>\n\t\t            <\/div>\r\n        <\/div>\r\n        \t\t\t<\/div>\n\t\t<\/section>\n\t\t\t\t<\/div>\n\t\t","protected":false},"excerpt":{"rendered":"<p>Infraestructura Energ\u00e9tica Dise\u00f1amos y ejecutamos proyectos de ingenier\u00eda el\u00e9ctrica en baja, media y alta tensi\u00f3n. Cumplimiento de est\u00e1ndares nacionales e internacionales. Soluciones personalizadas a tu operaci\u00f3n. Cotiza tu proyecto<\/p>\n","protected":false},"author":1,"featured_media":0,"parent":0,"menu_order":0,"comment_status":"closed","ping_status":"closed","template":"","meta":{"footnotes":""},"class_list":["post-6152","page","type-page","status-publish","hentry"],"_links":{"self":[{"href":"https:\/\/tcws.mx\/2020b\/clientes\/synelmex\/1\/wp-json\/wp\/v2\/pages\/6152","targetHints":{"allow":["GET"]}}],"collection":[{"href":"https:\/\/tcws.mx\/2020b\/clientes\/synelmex\/1\/wp-json\/wp\/v2\/pages"}],"about":[{"href":"https:\/\/tcws.mx\/2020b\/clientes\/synelmex\/1\/wp-json\/wp\/v2\/types\/page"}],"author":[{"embeddable":true,"href":"https:\/\/tcws.mx\/2020b\/clientes\/synelmex\/1\/wp-json\/wp\/v2\/users\/1"}],"replies":[{"embeddable":true,"href":"https:\/\/tcws.mx\/2020b\/clientes\/synelmex\/1\/wp-json\/wp\/v2\/comments?post=6152"}],"version-history":[{"count":10,"href":"https:\/\/tcws.mx\/2020b\/clientes\/synelmex\/1\/wp-json\/wp\/v2\/pages\/6152\/revisions"}],"predecessor-version":[{"id":6411,"href":"https:\/\/tcws.mx\/2020b\/clientes\/synelmex\/1\/wp-json\/wp\/v2\/pages\/6152\/revisions\/6411"}],"wp:attachment":[{"href":"https:\/\/tcws.mx\/2020b\/clientes\/synelmex\/1\/wp-json\/wp\/v2\/media?parent=6152"}],"curies":[{"name":"wp","href":"https:\/\/api.w.org\/{rel}","templated":true}]}}