{"id":6158,"date":"2025-02-12T22:28:23","date_gmt":"2025-02-12T22:28:23","guid":{"rendered":"https:\/\/tcws.mx\/2020b\/clientes\/synelmex\/1\/?page_id=6158"},"modified":"2025-07-24T02:05:57","modified_gmt":"2025-07-24T02:05:57","slug":"energias-renovables","status":"publish","type":"page","link":"https:\/\/tcws.mx\/2020b\/clientes\/synelmex\/1\/energias-renovables\/","title":{"rendered":"Energias Renovables"},"content":{"rendered":"\t\t<div data-elementor-type=\"wp-page\" data-elementor-id=\"6158\" class=\"elementor elementor-6158\">\n\t\t\t\t        <section class=\"elementor-section elementor-top-section elementor-element elementor-element-5998bd9 elementor-section-stretched elementor-section-boxed elementor-section-height-default elementor-section-height-default pxl-type-header-none pxl-row-scroll-none pxl-bg-color-none pxl-section-overlay-none\" data-id=\"5998bd9\" data-element_type=\"section\" data-settings=\"{&quot;stretch_section&quot;:&quot;section-stretched&quot;}\">\n\n                \n                <div class=\"elementor-container elementor-column-gap-extended \">\n                <div class=\"elementor-column elementor-col-50 elementor-top-column elementor-element elementor-element-f434439 parques pxl-col-none pxl-column-none\" data-id=\"f434439\" data-element_type=\"column\" id=\"parques\">\r\n        <div class=\"elementor-widget-wrap elementor-element-populated\">\r\n                     \r\n        \t\t<div class=\"elementor-element elementor-element-4a86d9c elementor-widget elementor-widget-heading\" data-id=\"4a86d9c\" data-element_type=\"widget\" data-widget_type=\"heading.default\">\n\t\t\t\t<div class=\"elementor-widget-container\">\n\t\t\t\t\t<div id=\"pxl-heading-4a86d9c-9065\" class=\"pxl-heading typewriter-color\">\n\t<div class=\"pxl-heading--inner\">\n\t\t\n\t\t\t\t\t<h3 class=\"pxl-item--title  highlight-default \" data-wow-delay=\"20ms\">\n\t\t\t\t\t\t\t\t\t\t<span class=\"pxl-item--text\">\n\t\t\t\t            <span class=\"pxl-text--slide\"><span class=\"wow letter\">Parques<\/span><\/span> <span class=\"pxl-text--slide\"><span class=\"wow letter\">Fotovoltaicos<\/span><\/span>\t\t\t\t        <\/span>\n\t\t\t\t\t\t\t\n\t\t\t<\/h3>\n\t\t\n\t\t\t<\/div>\n<\/div>\t\t\t\t<\/div>\n\t\t\t\t<\/div>\n\t\t\t\t<div class=\"elementor-element elementor-element-579bbad elementor-widget elementor-widget-image\" data-id=\"579bbad\" data-element_type=\"widget\" data-widget_type=\"image.default\">\n\t\t\t\t<div class=\"elementor-widget-container\">\n\t\t\t\t\t\t\t\t\t\t\t\t\t\t\t<img fetchpriority=\"high\" decoding=\"async\" width=\"700\" height=\"450\" src=\"https:\/\/tcws.mx\/2020b\/clientes\/synelmex\/1\/wp-content\/uploads\/2025\/02\/parques.jpg\" class=\"attachment-large size-large wp-image-6367\" alt=\"\" srcset=\"https:\/\/tcws.mx\/2020b\/clientes\/synelmex\/1\/wp-content\/uploads\/2025\/02\/parques.jpg 700w, https:\/\/tcws.mx\/2020b\/clientes\/synelmex\/1\/wp-content\/uploads\/2025\/02\/parques-600x386.jpg 600w, https:\/\/tcws.mx\/2020b\/clientes\/synelmex\/1\/wp-content\/uploads\/2025\/02\/parques-300x193.jpg 300w\" sizes=\"(max-width: 700px) 100vw, 700px\" \/>\t\t\t\t\t\t\t\t\t\t\t\t\t\t\t<\/div>\n\t\t\t\t<\/div>\n\t\t\t\t<div class=\"elementor-element elementor-element-598cbbc elementor-widget elementor-widget-text_editor\" data-id=\"598cbbc\" data-element_type=\"widget\" data-widget_type=\"text_editor.default\">\n\t\t\t\t<div class=\"elementor-widget-container\">\n\t\t\t\t\t<div class=\"pxl-text-editor\">\n\t<div class=\"pxl-item--inner wow fadeInUp \" data-wow-delay=\"ms\">\n\t\t<p>PPA: Dise\u00f1o, gesti\u00f3n, construcci\u00f3n, operaci\u00f3n y mantenimiento (O&amp;M) incluidos<\/p><p>EPC: Ingenier\u00eda, procura y construcci\u00f3n.<\/p><p>BESS: Almacenamiento de energ\u00eda en sistemas de bater\u00edas para garantizar la continuidad operativa.<\/p>\t\t\n\t<\/div>\n<\/div>\t\t\t\t<\/div>\n\t\t\t\t<\/div>\n\t\t            <\/div>\r\n        <\/div>\r\n                <div class=\"elementor-column elementor-col-50 elementor-top-column elementor-element elementor-element-1e19cd9 invernaderos pxl-col-none pxl-column-none\" data-id=\"1e19cd9\" data-element_type=\"column\" id=\"invernaderos\">\r\n        <div class=\"elementor-widget-wrap elementor-element-populated\">\r\n                     \r\n        \t\t<div class=\"elementor-element elementor-element-1fd2a03 elementor-widget elementor-widget-heading\" data-id=\"1fd2a03\" data-element_type=\"widget\" data-widget_type=\"heading.default\">\n\t\t\t\t<div class=\"elementor-widget-container\">\n\t\t\t\t\t<div id=\"pxl-heading-1fd2a03-1676\" class=\"pxl-heading typewriter-color\">\n\t<div class=\"pxl-heading--inner\">\n\t\t\n\t\t\t\t\t<h3 class=\"pxl-item--title  highlight-default \" data-wow-delay=\"20ms\">\n\t\t\t\t\t\t\t\t\t\t<span class=\"pxl-item--text\">\n\t\t\t\t            <span class=\"pxl-text--slide\"><span class=\"wow letter\">Invernaderos<\/span><\/span> <span class=\"pxl-text--slide\"><span class=\"wow letter\">Fotovoltaicos\n<\/span><\/span>\t\t\t\t        <\/span>\n\t\t\t\t\t\t\t\n\t\t\t<\/h3>\n\t\t\n\t\t\t<\/div>\n<\/div>\t\t\t\t<\/div>\n\t\t\t\t<\/div>\n\t\t\t\t<div class=\"elementor-element elementor-element-3940907 elementor-widget elementor-widget-image\" data-id=\"3940907\" data-element_type=\"widget\" data-widget_type=\"image.default\">\n\t\t\t\t<div class=\"elementor-widget-container\">\n\t\t\t\t\t\t\t\t\t\t\t\t\t\t\t<img decoding=\"async\" width=\"700\" height=\"450\" src=\"https:\/\/tcws.mx\/2020b\/clientes\/synelmex\/1\/wp-content\/uploads\/2025\/02\/invernaderos.jpg\" class=\"attachment-large size-large wp-image-6366\" alt=\"\" srcset=\"https:\/\/tcws.mx\/2020b\/clientes\/synelmex\/1\/wp-content\/uploads\/2025\/02\/invernaderos.jpg 700w, https:\/\/tcws.mx\/2020b\/clientes\/synelmex\/1\/wp-content\/uploads\/2025\/02\/invernaderos-600x386.jpg 600w, https:\/\/tcws.mx\/2020b\/clientes\/synelmex\/1\/wp-content\/uploads\/2025\/02\/invernaderos-300x193.jpg 300w\" sizes=\"(max-width: 700px) 100vw, 700px\" \/>\t\t\t\t\t\t\t\t\t\t\t\t\t\t\t<\/div>\n\t\t\t\t<\/div>\n\t\t\t\t<div class=\"elementor-element elementor-element-8212054 elementor-widget elementor-widget-text_editor\" data-id=\"8212054\" data-element_type=\"widget\" data-widget_type=\"text_editor.default\">\n\t\t\t\t<div class=\"elementor-widget-container\">\n\t\t\t\t\t<div class=\"pxl-text-editor\">\n\t<div class=\"pxl-item--inner wow fadeInUp \" data-wow-delay=\"ms\">\n\t\tDise\u00f1o y construcci\u00f3n de invernaderos autosustentables, con sistemas automatizados de riego e iluminaci\u00f3n, as\u00ed como sistema de medici\u00f3n remoto.\n\n\t\t\n\t<\/div>\n<\/div>\t\t\t\t<\/div>\n\t\t\t\t<\/div>\n\t\t            <\/div>\r\n        <\/div>\r\n        \t\t\t<\/div>\n\t\t<\/section>\n\t\t        <section class=\"elementor-section elementor-top-section elementor-element elementor-element-53a860e elementor-section-stretched elementor-section-boxed elementor-section-height-default elementor-section-height-default pxl-type-header-none pxl-row-scroll-none pxl-bg-color-none pxl-section-overlay-none\" data-id=\"53a860e\" data-element_type=\"section\" data-settings=\"{&quot;stretch_section&quot;:&quot;section-stretched&quot;}\">\n\n                \n                <div class=\"elementor-container elementor-column-gap-extended \">\n                <div class=\"elementor-column elementor-col-100 elementor-top-column elementor-element elementor-element-e84250b pxl-col-none pxl-column-none\" data-id=\"e84250b\" data-element_type=\"column\">\r\n        <div class=\"elementor-widget-wrap elementor-element-populated\">\r\n                     \r\n        \t\t<div class=\"elementor-element elementor-element-6bd1d2a elementor-align-center elementor-widget elementor-widget-app_button\" data-id=\"6bd1d2a\" data-element_type=\"widget\" data-widget_type=\"app_button.default\">\n\t\t\t\t<div class=\"elementor-widget-container\">\n\t\t\t\t\t    <div class=\"pxl-app-button\">\r\n        <a class=\"  \" href=\"https:\/\/tcws.mx\/2020b\/clientes\/synelmex\/1\/contacto\/\" data-wow-delay=\"ms\">\r\n                        <span class=\"pxl--btn-text\">\r\n                <span class=\"pxl--btn-subtitle\">\r\n                                    <\/span>\r\n                <span class=\"pxl--btn-title\">\r\n                    Cotiza tu proyecto                <\/span>\r\n            <\/span>\r\n        <\/a>\r\n    <\/div>\r\n\t\t\t\t<\/div>\n\t\t\t\t<\/div>\n\t\t            <\/div>\r\n        <\/div>\r\n        \t\t\t<\/div>\n\t\t<\/section>\n\t\t\t\t<\/div>\n\t\t","protected":false},"excerpt":{"rendered":"<p>Parques Fotovoltaicos PPA: Dise\u00f1o, gesti\u00f3n, construcci\u00f3n, operaci\u00f3n y mantenimiento (O&amp;M) incluidos EPC: Ingenier\u00eda, procura y construcci\u00f3n. BESS: Almacenamiento de energ\u00eda en sistemas de bater\u00edas para garantizar la continuidad operativa. Invernaderos Fotovoltaicos Dise\u00f1o y construcci\u00f3n de invernaderos autosustentables, con sistemas automatizados de riego e iluminaci\u00f3n, as\u00ed como sistema de medici\u00f3n remoto. Cotiza tu proyecto<\/p>\n","protected":false},"author":1,"featured_media":0,"parent":0,"menu_order":0,"comment_status":"closed","ping_status":"closed","template":"","meta":{"footnotes":""},"class_list":["post-6158","page","type-page","status-publish","hentry"],"_links":{"self":[{"href":"https:\/\/tcws.mx\/2020b\/clientes\/synelmex\/1\/wp-json\/wp\/v2\/pages\/6158","targetHints":{"allow":["GET"]}}],"collection":[{"href":"https:\/\/tcws.mx\/2020b\/clientes\/synelmex\/1\/wp-json\/wp\/v2\/pages"}],"about":[{"href":"https:\/\/tcws.mx\/2020b\/clientes\/synelmex\/1\/wp-json\/wp\/v2\/types\/page"}],"author":[{"embeddable":true,"href":"https:\/\/tcws.mx\/2020b\/clientes\/synelmex\/1\/wp-json\/wp\/v2\/users\/1"}],"replies":[{"embeddable":true,"href":"https:\/\/tcws.mx\/2020b\/clientes\/synelmex\/1\/wp-json\/wp\/v2\/comments?post=6158"}],"version-history":[{"count":29,"href":"https:\/\/tcws.mx\/2020b\/clientes\/synelmex\/1\/wp-json\/wp\/v2\/pages\/6158\/revisions"}],"predecessor-version":[{"id":6586,"href":"https:\/\/tcws.mx\/2020b\/clientes\/synelmex\/1\/wp-json\/wp\/v2\/pages\/6158\/revisions\/6586"}],"wp:attachment":[{"href":"https:\/\/tcws.mx\/2020b\/clientes\/synelmex\/1\/wp-json\/wp\/v2\/media?parent=6158"}],"curies":[{"name":"wp","href":"https:\/\/api.w.org\/{rel}","templated":true}]}}