{"id":6566,"date":"2025-07-24T02:00:35","date_gmt":"2025-07-24T02:00:35","guid":{"rendered":"https:\/\/tcws.mx\/2020b\/clientes\/synelmex\/1\/?page_id=6566"},"modified":"2025-07-24T02:27:25","modified_gmt":"2025-07-24T02:27:25","slug":"cogeneracion","status":"publish","type":"page","link":"https:\/\/tcws.mx\/2020b\/clientes\/synelmex\/1\/cogeneracion\/","title":{"rendered":"Cogeneraci\u00f3n"},"content":{"rendered":"\t\t<div data-elementor-type=\"wp-page\" data-elementor-id=\"6566\" class=\"elementor elementor-6566\">\n\t\t\t\t        <section class=\"elementor-section elementor-top-section elementor-element elementor-element-68dedf1 elementor-section-stretched elementor-section-content-middle elementor-section-boxed elementor-section-height-default elementor-section-height-default pxl-type-header-none pxl-row-scroll-none pxl-bg-color-none pxl-section-overlay-none\" data-id=\"68dedf1\" data-element_type=\"section\" data-settings=\"{&quot;stretch_section&quot;:&quot;section-stretched&quot;}\">\n\n                \n                <div class=\"elementor-container elementor-column-gap-extended \">\n                <div class=\"elementor-column elementor-col-50 elementor-top-column elementor-element elementor-element-26357e0 pxl-col-none pxl-column-none\" data-id=\"26357e0\" data-element_type=\"column\">\r\n        <div class=\"elementor-widget-wrap elementor-element-populated\">\r\n                     \r\n        \t\t<div class=\"elementor-element elementor-element-4d471a5 elementor-widget elementor-widget-image\" data-id=\"4d471a5\" data-element_type=\"widget\" data-widget_type=\"image.default\">\n\t\t\t\t<div class=\"elementor-widget-container\">\n\t\t\t\t\t\t\t\t\t\t\t\t\t\t\t<img fetchpriority=\"high\" decoding=\"async\" width=\"700\" height=\"450\" src=\"https:\/\/tcws.mx\/2020b\/clientes\/synelmex\/1\/wp-content\/uploads\/2025\/02\/cogeneracion.jpg\" class=\"attachment-large size-large wp-image-6365\" alt=\"\" srcset=\"https:\/\/tcws.mx\/2020b\/clientes\/synelmex\/1\/wp-content\/uploads\/2025\/02\/cogeneracion.jpg 700w, https:\/\/tcws.mx\/2020b\/clientes\/synelmex\/1\/wp-content\/uploads\/2025\/02\/cogeneracion-600x386.jpg 600w, https:\/\/tcws.mx\/2020b\/clientes\/synelmex\/1\/wp-content\/uploads\/2025\/02\/cogeneracion-300x193.jpg 300w\" sizes=\"(max-width: 700px) 100vw, 700px\" \/>\t\t\t\t\t\t\t\t\t\t\t\t\t\t\t<\/div>\n\t\t\t\t<\/div>\n\t\t            <\/div>\r\n        <\/div>\r\n                <div class=\"elementor-column elementor-col-50 elementor-top-column elementor-element elementor-element-e0b4aff pxl-col-none pxl-column-none\" data-id=\"e0b4aff\" data-element_type=\"column\">\r\n        <div class=\"elementor-widget-wrap elementor-element-populated\">\r\n                     \r\n        \t\t<div class=\"elementor-element elementor-element-fd3a2b5 elementor-widget elementor-widget-heading\" data-id=\"fd3a2b5\" data-element_type=\"widget\" data-widget_type=\"heading.default\">\n\t\t\t\t<div class=\"elementor-widget-container\">\n\t\t\t\t\t<div id=\"pxl-heading-fd3a2b5-5731\" class=\"pxl-heading typewriter-color\">\n\t<div class=\"pxl-heading--inner\">\n\t\t\n\t\t\t\t\t<h3 class=\"pxl-item--title  highlight-default \" data-wow-delay=\"20ms\">\n\t\t\t\t\t\t\t\t\t\t<span class=\"pxl-item--text\">\n\t\t\t\t            <span class=\"pxl-text--slide\"><span class=\"wow letter\">Cogeneraci\u00f3n<\/span><\/span>\t\t\t\t        <\/span>\n\t\t\t\t\t\t\t\n\t\t\t<\/h3>\n\t\t\n\t\t\t<\/div>\n<\/div>\t\t\t\t<\/div>\n\t\t\t\t<\/div>\n\t\t\t\t<div class=\"elementor-element elementor-element-469e1c9 elementor-widget elementor-widget-text_editor\" data-id=\"469e1c9\" data-element_type=\"widget\" data-widget_type=\"text_editor.default\">\n\t\t\t\t<div class=\"elementor-widget-container\">\n\t\t\t\t\t<div class=\"pxl-text-editor\">\n\t<div class=\"pxl-item--inner wow fadeInUp \" data-wow-delay=\"ms\">\n\t\t<p>En Synelmex ofrecemos soluciones de cogeneraci\u00f3n, en las que dise\u00f1amos, instalamos y operamos sistemas que generan electricidad y energ\u00eda t\u00e9rmica de manera simult\u00e1nea a partir de un solo combustible.<\/p><p>Esta tecnolog\u00eda permite a las empresas mejorar su eficiencia energ\u00e9tica, reducir costos operativos y disminuir su huella ambiental, sin complicaciones t\u00e9cnicas ni operativas.<br \/>T\u00fa solo pagas por la energ\u00eda utilizada, con ahorros desde el primer d\u00eda<\/p>\t\t\n\t<\/div>\n<\/div>\t\t\t\t<\/div>\n\t\t\t\t<\/div>\n\t\t            <\/div>\r\n        <\/div>\r\n        \t\t\t<\/div>\n\t\t<\/section>\n\t\t        <section class=\"elementor-section elementor-top-section elementor-element elementor-element-53a860e elementor-section-stretched elementor-section-boxed elementor-section-height-default elementor-section-height-default pxl-type-header-none pxl-row-scroll-none pxl-bg-color-none pxl-section-overlay-none\" data-id=\"53a860e\" data-element_type=\"section\" data-settings=\"{&quot;stretch_section&quot;:&quot;section-stretched&quot;}\">\n\n                \n                <div class=\"elementor-container elementor-column-gap-extended \">\n                <div class=\"elementor-column elementor-col-100 elementor-top-column elementor-element elementor-element-e84250b pxl-col-none pxl-column-none\" data-id=\"e84250b\" data-element_type=\"column\">\r\n        <div class=\"elementor-widget-wrap elementor-element-populated\">\r\n                     \r\n        \t\t<div class=\"elementor-element elementor-element-6bd1d2a elementor-align-center elementor-widget elementor-widget-app_button\" data-id=\"6bd1d2a\" data-element_type=\"widget\" data-widget_type=\"app_button.default\">\n\t\t\t\t<div class=\"elementor-widget-container\">\n\t\t\t\t\t    <div class=\"pxl-app-button\">\r\n        <a class=\"  \" href=\"https:\/\/tcws.mx\/2020b\/clientes\/synelmex\/1\/contacto\/\" data-wow-delay=\"ms\">\r\n                        <span class=\"pxl--btn-text\">\r\n                <span class=\"pxl--btn-subtitle\">\r\n                                    <\/span>\r\n                <span class=\"pxl--btn-title\">\r\n                    Cotiza tu proyecto                <\/span>\r\n            <\/span>\r\n        <\/a>\r\n    <\/div>\r\n\t\t\t\t<\/div>\n\t\t\t\t<\/div>\n\t\t            <\/div>\r\n        <\/div>\r\n        \t\t\t<\/div>\n\t\t<\/section>\n\t\t\t\t<\/div>\n\t\t","protected":false},"excerpt":{"rendered":"<p>Cogeneraci\u00f3n En Synelmex ofrecemos soluciones de cogeneraci\u00f3n, en las que dise\u00f1amos, instalamos y operamos sistemas que generan electricidad y energ\u00eda t\u00e9rmica de manera simult\u00e1nea a partir de un solo combustible. Esta tecnolog\u00eda permite a las empresas mejorar su eficiencia energ\u00e9tica, reducir costos operativos y disminuir su huella ambiental, sin complicaciones t\u00e9cnicas ni operativas.T\u00fa solo pagas [&hellip;]<\/p>\n","protected":false},"author":1,"featured_media":0,"parent":0,"menu_order":0,"comment_status":"closed","ping_status":"closed","template":"","meta":{"footnotes":""},"class_list":["post-6566","page","type-page","status-publish","hentry"],"_links":{"self":[{"href":"https:\/\/tcws.mx\/2020b\/clientes\/synelmex\/1\/wp-json\/wp\/v2\/pages\/6566","targetHints":{"allow":["GET"]}}],"collection":[{"href":"https:\/\/tcws.mx\/2020b\/clientes\/synelmex\/1\/wp-json\/wp\/v2\/pages"}],"about":[{"href":"https:\/\/tcws.mx\/2020b\/clientes\/synelmex\/1\/wp-json\/wp\/v2\/types\/page"}],"author":[{"embeddable":true,"href":"https:\/\/tcws.mx\/2020b\/clientes\/synelmex\/1\/wp-json\/wp\/v2\/users\/1"}],"replies":[{"embeddable":true,"href":"https:\/\/tcws.mx\/2020b\/clientes\/synelmex\/1\/wp-json\/wp\/v2\/comments?post=6566"}],"version-history":[{"count":10,"href":"https:\/\/tcws.mx\/2020b\/clientes\/synelmex\/1\/wp-json\/wp\/v2\/pages\/6566\/revisions"}],"predecessor-version":[{"id":6608,"href":"https:\/\/tcws.mx\/2020b\/clientes\/synelmex\/1\/wp-json\/wp\/v2\/pages\/6566\/revisions\/6608"}],"wp:attachment":[{"href":"https:\/\/tcws.mx\/2020b\/clientes\/synelmex\/1\/wp-json\/wp\/v2\/media?parent=6566"}],"curies":[{"name":"wp","href":"https:\/\/api.w.org\/{rel}","templated":true}]}}